{"id":36,"date":"2021-04-05T16:47:07","date_gmt":"2021-04-05T16:47:07","guid":{"rendered":"https:\/\/schwooni.de\/?page_id=36"},"modified":"2021-04-05T17:05:19","modified_gmt":"2021-04-05T17:05:19","slug":"ueber-mich","status":"publish","type":"page","link":"https:\/\/schwooni.de\/?page_id=36","title":{"rendered":"\u00dcber mich"},"content":{"rendered":"\n<p>Ich bin 1972 in Frankfurt am Main-H\u00f6chst geboren und wohnte einige Zeit im sch\u00f6nen Liederbach am Taunus. Sp\u00e4ter zog ich nach Wetzlar und begann eine Ausbildung zur Gesundheits- und Krankenpflegerin. 1993 erhielt ich eine Festanstellung in dem Klinikum, in dem ich geboren wurde. Nach 10 Jahren zog mich die Liebe in das wunderbare Baden-W\u00fcrttemberg und lebte einige Zeit in Leonberg &#8211; Landkreis B\u00f6blingen. In der Zeit von 2003 bis 2013 machte ich eine Weiterbildung zur Gef\u00e4\u00dfassistentin und Wundtherapeutin. Ich arbeitete mit diesen Weiterbildungen in verschiedenen Kliniken. Da ich das Gef\u00fchl hatte ich m\u00fcsste mal was anderes machen, arbeitete ich als Abteilungsleitung in einem mittelst\u00e4ndigen Sanit\u00e4tsfachgesch\u00e4ft mit Schwerpunkt Orthop\u00e4die-Technik. 2015 zog ich dann nach Pforzheim. Aufgrund einiger gesundheitlicher Probleme, die meine beruflichen T\u00e4tigkeiten mit sich brachten, begann ich im Februar 2021eine Ausbildung zur Fachinformatikerin f\u00fcr Systemintegration (IT-Bereich). <\/p>\n","protected":false},"excerpt":{"rendered":"<p>Ich bin 1972 in Frankfurt am Main-H\u00f6chst geboren und wohnte einige Zeit im sch\u00f6nen Liederbach am Taunus. Sp\u00e4ter zog ich nach Wetzlar und begann eine Ausbildung zur Gesundheits- und Krankenpflegerin. 1993 erhielt ich eine Festanstellung in dem Klinikum, in dem ich geboren wurde. Nach 10 Jahren zog mich die Liebe in das wunderbare Baden-W\u00fcrttemberg und [&hellip;]<\/p>\n","protected":false},"author":1,"featured_media":0,"parent":0,"menu_order":0,"comment_status":"closed","ping_status":"closed","template":"","meta":{"footnotes":""},"class_list":["post-36","page","type-page","status-publish","hentry"],"_links":{"self":[{"href":"https:\/\/schwooni.de\/index.php?rest_route=\/wp\/v2\/pages\/36","targetHints":{"allow":["GET"]}}],"collection":[{"href":"https:\/\/schwooni.de\/index.php?rest_route=\/wp\/v2\/pages"}],"about":[{"href":"https:\/\/schwooni.de\/index.php?rest_route=\/wp\/v2\/types\/page"}],"author":[{"embeddable":true,"href":"https:\/\/schwooni.de\/index.php?rest_route=\/wp\/v2\/users\/1"}],"replies":[{"embeddable":true,"href":"https:\/\/schwooni.de\/index.php?rest_route=%2Fwp%2Fv2%2Fcomments&post=36"}],"version-history":[{"count":3,"href":"https:\/\/schwooni.de\/index.php?rest_route=\/wp\/v2\/pages\/36\/revisions"}],"predecessor-version":[{"id":40,"href":"https:\/\/schwooni.de\/index.php?rest_route=\/wp\/v2\/pages\/36\/revisions\/40"}],"wp:attachment":[{"href":"https:\/\/schwooni.de\/index.php?rest_route=%2Fwp%2Fv2%2Fmedia&parent=36"}],"curies":[{"name":"wp","href":"https:\/\/api.w.org\/{rel}","templated":true}]}}